{"id":166,"date":"2021-11-12T08:02:38","date_gmt":"2021-11-12T07:02:38","guid":{"rendered":"https:\/\/a-tronix.com.ua\/wechselrichter-copy\/"},"modified":"2025-02-20T15:33:20","modified_gmt":"2025-02-20T14:33:20","slug":"%d0%be%d1%82%d1%80%d0%b8%d0%bc%d0%b0%d1%82%d0%b8-%d0%bf%d1%80%d0%be%d0%bf%d0%be%d0%b7%d0%b8%d1%86%d1%96%d1%8e","status":"publish","type":"page","link":"https:\/\/a-tronix.com.ua\/uk\/%d0%be%d1%82%d1%80%d0%b8%d0%bc%d0%b0%d1%82%d0%b8-%d0%bf%d1%80%d0%be%d0%bf%d0%be%d0%b7%d0%b8%d1%86%d1%96%d1%8e\/","title":{"rendered":"\u041e\u0442\u0440\u0438\u043c\u0430\u0442\u0438 \u0456\u043d\u0434\u0438\u0432\u0456\u0434\u0443\u0430\u043b\u044c\u043d\u0443\n \u043f\u0440\u043e\u043f\u043e\u0437\u0438\u0446\u0456\u044e"},"content":{"rendered":"<div data-elementor-type=\"wp-page\" data-elementor-id=\"166\" class=\"elementor elementor-166\" data-elementor-post-type=\"page\">\n\t\t\t\t<div data-particle_enable=\"false\" data-particle-mobile-disabled=\"false\" class=\"elementor-element elementor-element-0dc32b5 e-flex e-con-boxed e-con e-parent\" data-id=\"0dc32b5\" data-element_type=\"container\" data-settings=\"{&quot;background_background&quot;:&quot;classic&quot;,&quot;jet_parallax_layout_list&quot;:[],&quot;shape_divider_bottom&quot;:&quot;tilt&quot;}\">\n\t\t\t\t\t<div class=\"e-con-inner\">\n\t\t\t\t<div class=\"elementor-shape elementor-shape-bottom\" aria-hidden=\"true\" data-negative=\"false\">\n\t\t\t<svg xmlns=\"http:\/\/www.w3.org\/2000\/svg\" viewbox=\"0 0 1000 100\" preserveaspectratio=\"none\">\n\t<path class=\"elementor-shape-fill\" d=\"M0,6V0h1000v100L0,6z\"\/>\n<\/svg>\t\t<\/div>\n\t\t<div data-particle_enable=\"false\" data-particle-mobile-disabled=\"false\" class=\"elementor-element elementor-element-2d573f2 e-con-full e-flex e-con e-child\" data-id=\"2d573f2\" data-element_type=\"container\" data-settings=\"{&quot;jet_parallax_layout_list&quot;:[]}\">\n\t\t\t\t<div class=\"elementor-element elementor-element-a1fed07 elementor-widget elementor-widget-heading\" data-id=\"a1fed07\" data-element_type=\"widget\" data-widget_type=\"heading.default\">\n\t\t\t\t\t<h1 class=\"elementor-heading-title elementor-size-default\">\u0417\u0430\u043f\u0440\u043e\u0441\u0438\u0442\u0438 \u043f\u0440\u043e\u043f\u043e\u0437\u0438\u0446\u0456\u044e<\/h1>\t\t\t\t<\/div>\n\t\t\t\t<\/div>\n\t\t\t\t\t<\/div>\n\t\t\t\t<\/div>\n\t\t<div data-particle_enable=\"false\" data-particle-mobile-disabled=\"false\" class=\"elementor-element elementor-element-f414a34 e-flex e-con-boxed e-con e-parent\" data-id=\"f414a34\" data-element_type=\"container\" data-settings=\"{&quot;jet_parallax_layout_list&quot;:[]}\">\n\t\t\t\t\t<div class=\"e-con-inner\">\n\t\t<div data-particle_enable=\"false\" data-particle-mobile-disabled=\"false\" class=\"elementor-element elementor-element-1762b1c e-flex e-con-boxed e-con e-child\" data-id=\"1762b1c\" data-element_type=\"container\" data-settings=\"{&quot;jet_parallax_layout_list&quot;:[],&quot;shape_divider_top&quot;:&quot;tilt&quot;}\">\n\t\t\t\t\t<div class=\"e-con-inner\">\n\t\t\t\t<div class=\"elementor-shape elementor-shape-top\" aria-hidden=\"true\" data-negative=\"false\">\n\t\t\t<svg xmlns=\"http:\/\/www.w3.org\/2000\/svg\" viewbox=\"0 0 1000 100\" preserveaspectratio=\"none\">\n\t<path class=\"elementor-shape-fill\" d=\"M0,6V0h1000v100L0,6z\"\/>\n<\/svg>\t\t<\/div>\n\t\t<div data-particle_enable=\"false\" data-particle-mobile-disabled=\"false\" class=\"elementor-element elementor-element-eb3eb16 e-con-full e-flex e-con e-child\" data-id=\"eb3eb16\" data-element_type=\"container\" data-settings=\"{&quot;jet_parallax_layout_list&quot;:[]}\">\n\t\t\t\t<div class=\"elementor-element elementor-element-02d18ff elementor-widget elementor-widget-heading\" data-id=\"02d18ff\" data-element_type=\"widget\" data-widget_type=\"heading.default\">\n\t\t\t\t\t<h2 class=\"elementor-heading-title elementor-size-default\">\u0411\u0430\u0436\u0430\u0454\u0442\u0435 \u043e\u0442\u0440\u0438\u043c\u0430\u0442\u0438 \u043a\u043e\u043c\u0435\u0440\u0446\u0456\u0439\u043d\u0443 \u043f\u0440\u043e\u043f\u043e\u0437\u0438\u0446\u0456\u044e?<\/h2>\t\t\t\t<\/div>\n\t\t\t\t<div class=\"elementor-element elementor-element-7c55852 elementor-widget-divider--view-line elementor-invisible elementor-widget elementor-widget-divider\" data-id=\"7c55852\" data-element_type=\"widget\" data-settings=\"{&quot;_animation&quot;:&quot;fadeInLeft&quot;}\" data-widget_type=\"divider.default\">\n\t\t\t\t\t\t\t<div class=\"elementor-divider\">\n\t\t\t<span class=\"elementor-divider-separator\">\n\t\t\t\t\t\t<\/span>\n\t\t<\/div>\n\t\t\t\t\t\t<\/div>\n\t\t\t\t<div class=\"elementor-element elementor-element-845e59f elementor-widget-tablet__width-inherit elementor-widget elementor-widget-heading\" data-id=\"845e59f\" data-element_type=\"widget\" data-widget_type=\"heading.default\">\n\t\t\t\t\t<h2 class=\"elementor-heading-title elementor-size-default\">\u042f\u043a\u0449\u043e \u0432\u0438 \u0431\u0430\u0436\u0430\u0454\u0442\u0435 \u043e\u0442\u0440\u0438\u043c\u0430\u0442\u0438 \u043f\u0440\u043e\u043f\u043e\u0437\u0438\u0446\u0456\u044e \u0430\u0431\u043e \u043a\u043e\u043d\u0441\u0443\u043b\u044c\u0442\u0430\u0446\u0456\u044e, \u0431\u0443\u0434\u044c \u043b\u0430\u0441\u043a\u0430, \u0437\u0430\u043f\u043e\u0432\u043d\u0456\u0442\u044c \u043d\u0430\u0441\u0442\u0443\u043f\u043d\u0443 \u0444\u043e\u0440\u043c\u0443, \u0456 \u043c\u0438 \u0437\u0432'\u044f\u0436\u0435\u043c\u043e\u0441\u044f \u0437 \u0432\u0430\u043c\u0438 \u044f\u043a\u043d\u0430\u0439\u0448\u0432\u0438\u0434\u0448\u0435.<\/h2>\t\t\t\t<\/div>\n\t\t\t\t<div class=\"elementor-element elementor-element-e793597 elementor-widget elementor-widget-wpforms\" data-id=\"e793597\" data-element_type=\"widget\" data-widget_type=\"wpforms.default\">\n\t\t\t\t<div class=\"elementor-widget-container\">\n\t\t\t\t\t<style id=\"wpforms-css-vars-elementor-widget-e793597\">\n\t\t\t\t.elementor-widget-wpforms.elementor-element-e793597 {\n\t\t\t\t--wpforms-button-background-color: #00A4B7;\n\t\t\t}\n\t\t\t<\/style><div class=\"wpforms-container wpforms-container-full wpforms-render-modern\" id=\"wpforms-5257\"><form id=\"wpforms-form-5257\" class=\"wpforms-validate wpforms-form wpforms-ajax-form\" data-formid=\"5257\" method=\"post\" enctype=\"multipart\/form-data\" action=\"\/uk\/wp-json\/wp\/v2\/pages\/166\" data-token=\"4abf0b2d7665a747961db68bcf60fe23\" data-token-time=\"1778525769\" data-trp-original-action=\"\/uk\/wp-json\/wp\/v2\/pages\/166\"><noscript class=\"wpforms-error-noscript\">\u0414\u043b\u044f \u0437\u0430\u043f\u043e\u0432\u043d\u0435\u043d\u043d\u044f \u0446\u0456\u0454\u0457 \u0444\u043e\u0440\u043c\u0438 \u0443\u0432\u0456\u043c\u043a\u043d\u0456\u0442\u044c JavaScript \u0443 \u0431\u0440\u0430\u0443\u0437\u0435\u0440\u0456.<\/noscript><div id=\"wpforms-error-noscript\" style=\"display: none;\">\u0414\u043b\u044f \u0437\u0430\u043f\u043e\u0432\u043d\u0435\u043d\u043d\u044f \u0446\u0456\u0454\u0457 \u0444\u043e\u0440\u043c\u0438 \u0443\u0432\u0456\u043c\u043a\u043d\u0456\u0442\u044c JavaScript \u0443 \u0431\u0440\u0430\u0443\u0437\u0435\u0440\u0456.<\/div><div class=\"wpforms-field-container\"><div id=\"wpforms-5257-field_1-container\" class=\"wpforms-field wpforms-field-radio wpforms-list-inline wpforms-conditional-trigger\" data-field-id=\"1\"><fieldset><legend class=\"wpforms-field-label\">\u0417\u0430\u043f\u0438\u0442\u0430\u0439\u0442\u0435 \u043f\u0440\u043e\u043f\u043e\u0437\u0438\u0446\u0456\u044e \u044f\u043a <span class=\"wpforms-required-label\" aria-hidden=\"true\">*<\/span><\/legend><ul id=\"wpforms-5257-field_1\" class=\"wpforms-field-required\"><li class=\"choice-1 depth-1 wpforms-selected\"><input type=\"radio\" id=\"wpforms-5257-field_1_1\" name=\"wpforms[fields][1]\" value=\"Privatkunde\" aria-errormessage=\"wpforms-5257-field_1_1-error\" required checked='checked'><label class=\"wpforms-field-label-inline\" for=\"wpforms-5257-field_1_1\">\u041f\u0440\u0438\u0432\u0430\u0442\u043d\u0438\u0439 \u043a\u043b\u0456\u0454\u043d\u0442<\/label><\/li><li class=\"choice-2 depth-1\"><input type=\"radio\" id=\"wpforms-5257-field_1_2\" name=\"wpforms[fields][1]\" value=\"Gesch\u00e4ftskunde\" aria-errormessage=\"wpforms-5257-field_1_2-error\" required><label class=\"wpforms-field-label-inline\" for=\"wpforms-5257-field_1_2\">\u0411\u0456\u0437\u043d\u0435\u0441-\u043a\u043b\u0456\u0454\u043d\u0442<\/label><\/li><\/ul><\/fieldset><\/div><div id=\"wpforms-5257-field_2-container\" class=\"wpforms-field wpforms-field-text wpforms-conditional-field wpforms-conditional-show\" data-field-id=\"2\" style=\"display:none;\"><label class=\"wpforms-field-label\" for=\"wpforms-5257-field_2\">\u041a\u043e\u043c\u043f\u0430\u043d\u0456\u044f <span class=\"wpforms-required-label\" aria-hidden=\"true\">*<\/span><\/label><input type=\"text\" id=\"wpforms-5257-field_2\" class=\"wpforms-field-large wpforms-field-required\" name=\"wpforms[fields][2]\" placeholder=\"Example GmbH\" aria-errormessage=\"wpforms-5257-field_2-error\" required><\/div><div id=\"wpforms-5257-field_3-container\" class=\"wpforms-field wpforms-field-name wpforms-conditional-field wpforms-conditional-hide\" data-field-id=\"3\"><fieldset><legend class=\"wpforms-field-label\">\u0406\u043c'\u044f \u0442\u0430 \u043f\u0440\u0456\u0437\u0432\u0438\u0449\u0435 <span class=\"wpforms-required-label\" aria-hidden=\"true\">*<\/span><\/legend><div class=\"wpforms-field-row wpforms-field-large\"><div class=\"wpforms-field-row-block wpforms-first wpforms-one-half\"><input type=\"text\" id=\"wpforms-5257-field_3\" class=\"wpforms-field-name-first wpforms-field-required\" name=\"wpforms[fields][3][first]\" placeholder=\"\u0406\u043c&#039;\u044f \u0442\u0430 \u043f\u0440\u0456\u0437\u0432\u0438\u0449\u0435\" aria-errormessage=\"wpforms-5257-field_3-error\" required><label for=\"wpforms-5257-field_3\" class=\"wpforms-field-sublabel after wpforms-sublabel-hide\">\u0406\u043c&#039;\u044f<\/label><\/div><div class=\"wpforms-field-row-block wpforms-one-half\"><input type=\"text\" id=\"wpforms-5257-field_3-last\" class=\"wpforms-field-name-last wpforms-field-required\" name=\"wpforms[fields][3][last]\" placeholder=\"\u041f\u0440\u0456\u0437\u0432\u0438\u0449\u0435\" aria-errormessage=\"wpforms-5257-field_3-last-error\" required><label for=\"wpforms-5257-field_3-last\" class=\"wpforms-field-sublabel after wpforms-sublabel-hide\">\u041f\u0440\u0456\u0437\u0432\u0438\u0449\u0435<\/label><\/div><\/div><\/fieldset><\/div><div id=\"wpforms-5257-field_4-container\" class=\"wpforms-field wpforms-field-name wpforms-conditional-field wpforms-conditional-show\" data-field-id=\"4\" style=\"display:none;\"><fieldset><legend class=\"wpforms-field-label\">\u0406\u043c'\u044f \u0442\u0430 \u043f\u0440\u0456\u0437\u0432\u0438\u0449\u0435 \u043a\u043e\u043d\u0442\u0430\u043a\u0442\u043d\u043e\u0457 \u043e\u0441\u043e\u0431\u0438 <span class=\"wpforms-required-label\" aria-hidden=\"true\">*<\/span><\/legend><div class=\"wpforms-field-row wpforms-field-large\"><div class=\"wpforms-field-row-block wpforms-first wpforms-one-half\"><input type=\"text\" id=\"wpforms-5257-field_4\" class=\"wpforms-field-name-first wpforms-field-required\" name=\"wpforms[fields][4][first]\" placeholder=\"\u0406\u043c&#039;\u044f \u0442\u0430 \u043f\u0440\u0456\u0437\u0432\u0438\u0449\u0435\" aria-errormessage=\"wpforms-5257-field_4-error\" required><label for=\"wpforms-5257-field_4\" class=\"wpforms-field-sublabel after wpforms-sublabel-hide\">\u0406\u043c&#039;\u044f<\/label><\/div><div class=\"wpforms-field-row-block wpforms-one-half\"><input type=\"text\" id=\"wpforms-5257-field_4-last\" class=\"wpforms-field-name-last wpforms-field-required\" name=\"wpforms[fields][4][last]\" placeholder=\"\u041f\u0440\u0456\u0437\u0432\u0438\u0449\u0435\" aria-errormessage=\"wpforms-5257-field_4-last-error\" required><label for=\"wpforms-5257-field_4-last\" class=\"wpforms-field-sublabel after wpforms-sublabel-hide\">\u041f\u0440\u0456\u0437\u0432\u0438\u0449\u0435<\/label><\/div><\/div><\/fieldset><\/div><div id=\"wpforms-5257-field_5-container\" class=\"wpforms-field wpforms-field-email\" data-field-id=\"5\"><label class=\"wpforms-field-label\" for=\"wpforms-5257-field_5\">\u0410\u0434\u0440\u0435\u0441\u0430 \u0435\u043b\u0435\u043a\u0442\u0440\u043e\u043d\u043d\u043e\u0457 \u043f\u043e\u0448\u0442\u0438 <span class=\"wpforms-required-label\" aria-hidden=\"true\">*<\/span><\/label><input type=\"email\" id=\"wpforms-5257-field_5\" class=\"wpforms-field-large wpforms-field-required\" name=\"wpforms[fields][5]\" placeholder=\"name@domain.de\" spellcheck=\"false\" aria-errormessage=\"wpforms-5257-field_5-error\" required><\/div><div id=\"wpforms-5257-field_6-container\" class=\"wpforms-field wpforms-field-phone\" data-field-id=\"6\"><label class=\"wpforms-field-label\" for=\"wpforms-5257-field_6\">\u041d\u043e\u043c\u0435\u0440 \u0442\u0435\u043b\u0435\u0444\u043e\u043d\u0443 <span class=\"wpforms-required-label\" aria-hidden=\"true\">*<\/span><\/label><input type=\"tel\" id=\"wpforms-5257-field_6\" class=\"wpforms-field-large wpforms-field-required wpforms-smart-phone-field\" data-rule-smart-phone-field=\"true\" name=\"wpforms[fields][6]\" placeholder=\"+49 173 456 78 90\" aria-label=\"\u041d\u043e\u043c\u0435\u0440 \u0442\u0435\u043b\u0435\u0444\u043e\u043d\u0443\" aria-errormessage=\"wpforms-5257-field_6-error\" required><\/div><div id=\"wpforms-5257-field_7-container\" class=\"wpforms-field wpforms-field-select wpforms-field-select-style-modern\" data-field-id=\"7\"><label class=\"wpforms-field-label\" for=\"wpforms-5257-field_7\">\u0417\u0430\u0446\u0456\u043a\u0430\u0432\u043b\u0435\u043d\u0456\u0441\u0442\u044c:<\/label><select id=\"wpforms-5257-field_7\" class=\"wpforms-field-large choicesjs-select\" data-size-class=\"wpforms-field-row wpforms-field-large\" data-search-enabled=\"\" name=\"wpforms[fields][7]\"><option value=\"\" class=\"placeholder\" disabled selected='selected'>\u0411\u0443\u0434\u044c \u043b\u0430\u0441\u043a\u0430, \u043e\u0431\u0435\u0440\u0456\u0442\u044c<\/option><option value=\"Individuelle Beratung\"  class=\"choice-1 depth-1\"  >\u0406\u043d\u0434\u0438\u0432\u0456\u0434\u0443\u0430\u043b\u044c\u043d\u0430 \u043a\u043e\u043d\u0441\u0443\u043b\u044c\u0442\u0430\u0446\u0456\u044f<\/option><option value=\"Wechselrichter\"  class=\"choice-2 depth-1\"  >\u0406\u043d\u0432\u0435\u0440\u0442\u043e\u0440<\/option><option value=\"Speicher\"  class=\"choice-3 depth-1\"  >\u0411\u0430\u0442\u0430\u0440\u0435\u0457<\/option><option value=\"Brauchwasserw\u00e4rmepumpe\"  class=\"choice-4 depth-1\"  >\u0422\u0435\u043f\u043b\u043e\u0432\u0438\u0439 \u043d\u0430\u0441\u043e\u0441 \u0434\u043b\u044f \u043f\u043e\u0431\u0443\u0442\u043e\u0432\u043e\u0433\u043e \u0433\u0430\u0440\u044f\u0447\u043e\u0433\u043e \u0432\u043e\u0434\u043e\u043f\u043e\u0441\u0442\u0430\u0447\u0430\u043d\u043d\u044f<\/option><option value=\"Wallboxen\"  class=\"choice-5 depth-1\"  >\u041d\u0430\u0441\u0442\u0456\u043d\u043d\u0456 \u0437\u0430\u0440\u044f\u0434\u043d\u0456 \u0441\u0442\u0430\u043d\u0446\u0456\u0457<\/option><option value=\"Energiemanager\"  class=\"choice-6 depth-1\"  >\u0415\u043d\u0435\u0440\u0433\u043e\u043c\u0435\u043d\u0435\u0434\u0436\u0435\u0440<\/option><\/select><\/div>\t\t<div id=\"wpforms-5257-field_10-container\"\n\t\t\tclass=\"wpforms-field wpforms-field-text\"\n\t\t\tdata-field-type=\"text\"\n\t\t\tdata-field-id=\"10\"\n\t\t\t>\n\t\t\t<label class=\"wpforms-field-label\" for=\"wpforms-5257-field_10\" >Feld Nachname Angebot<\/label>\n\t\t\t<input type=\"text\" id=\"wpforms-5257-field_10\" class=\"wpforms-field-medium\" name=\"wpforms[fields][10]\" >\n\t\t<\/div>\n\t\t<div id=\"wpforms-5257-field_8-container\" class=\"wpforms-field wpforms-field-textarea\" data-field-id=\"8\"><label class=\"wpforms-field-label\" for=\"wpforms-5257-field_8\">\u0417\u0430\u043f\u0438\u0442 <span class=\"wpforms-required-label\" aria-hidden=\"true\">*<\/span><\/label><textarea id=\"wpforms-5257-field_8\" class=\"wpforms-field-medium wpforms-field-required\" name=\"wpforms[fields][8]\" placeholder=\"\u0411\u0443\u0434\u044c \u043b\u0430\u0441\u043a\u0430, \u043e\u043f\u0438\u0448\u0456\u0442\u044c \u0437\u0430\u043f\u0438\u0442 \u044f\u043a\u043e\u043c\u043e\u0433\u0430 \u0434\u0435\u0442\u0430\u043b\u044c\u043d\u0456\u0448\u0435.\" aria-errormessage=\"wpforms-5257-field_8-error\" required><\/textarea><\/div><div id=\"wpforms-5257-field_9-container\" class=\"wpforms-field wpforms-field-gdpr-checkbox\" data-field-id=\"9\"><label class=\"wpforms-field-label\">\u0417\u0433\u043e\u0434\u0430 \u043d\u0430 GDPR <span class=\"wpforms-required-label\" aria-hidden=\"true\">*<\/span><\/label><ul id=\"wpforms-5257-field_9\" class=\"wpforms-field-required\"><li class=\"choice-1\"><input type=\"checkbox\" id=\"wpforms-5257-field_9_1\" name=\"wpforms[fields][9][]\" value=\"Ich stimme der Verarbeitung meiner Angaben aus dem Kontaktformular zu. Weitere Informationen erhalten Sie &lt;a href=&quot;\/?page_id=98&quot;&gt;hier&lt;\/a&gt;.\" aria-errormessage=\"wpforms-5257-field_9_1-error\" required><label class=\"wpforms-field-label-inline\" for=\"wpforms-5257-field_9_1\">\u042f \u0434\u0430\u044e \u0437\u0433\u043e\u0434\u0443 \u043d\u0430 \u043e\u0431\u0440\u043e\u0431\u043a\u0443 \u043c\u043e\u0457\u0445 \u0434\u0430\u043d\u0438\u0445 \u0437 \u043a\u043e\u043d\u0442\u0430\u043a\u0442\u043d\u043e\u0457 \u0444\u043e\u0440\u043c\u0438. \u0412\u0438 \u043e\u0442\u0440\u0438\u043c\u0430\u0454\u0442\u0435 \u043f\u043e\u0434\u0430\u043b\u044c\u0448\u0443 \u0456\u043d\u0444\u043e\u0440\u043c\u0430\u0446\u0456\u044e <a href=\"\/uk\/?page_id=98\">\u0442\u0443\u0442.<\/a>.<\/label><\/li><\/ul><\/div><div id=\"wpforms-5257-field_11-container\" class=\"wpforms-field wpforms-field-hidden\" data-field-id=\"11\"><input type=\"hidden\" id=\"wpforms-5257-field_11\" name=\"wpforms[fields][11]\"><\/div><script>\n\t\t\t\t( function() {\n\t\t\t\t\tconst style = document.createElement( 'style' );\n\t\t\t\t\tstyle.appendChild( document.createTextNode( '#wpforms-5257-field_10-container { position: absolute !important; overflow: hidden !important; display: inline !important; height: 1px !important; width: 1px !important; z-index: -1000 !important; padding: 0 !important; } #wpforms-5257-field_10-container input { visibility: hidden; } #wpforms-conversational-form-page #wpforms-5257-field_10-container label { counter-increment: none; }' ) );\n\t\t\t\t\tdocument.head.appendChild( style );\n\t\t\t\t\tdocument.currentScript?.remove();\n\t\t\t\t} )();\n\t\t\t<\/script><\/div><!-- .wpforms-field-container --><div class=\"wpforms-submit-container\" ><input type=\"hidden\" name=\"wpforms[id]\" value=\"5257\"><input type=\"hidden\" name=\"page_title\" value=\"\"><input type=\"hidden\" name=\"page_url\" value=\"https:\/\/a-tronix.com.ua\/uk\/wp-json\/wp\/v2\/pages\/166\"><input type=\"hidden\" name=\"url_referer\" value=\"\"><button type=\"submit\" name=\"wpforms[submit]\" id=\"wpforms-submit-5257\" class=\"wpforms-submit\" data-alt-text=\"Wird gesendet\u00a0\u2026\" data-submit-text=\"Anfrage Absenden\" aria-live=\"assertive\" value=\"wpforms-submit\">\u041d\u0430\u0434\u0456\u0441\u043b\u0430\u0442\u0438 \u0437\u0430\u043f\u0438\u0442<\/button><img decoding=\"async\" src=\"https:\/\/a-tronix.com.ua\/wp-content\/plugins\/wpforms\/assets\/images\/submit-spin.svg\" class=\"wpforms-submit-spinner\" style=\"display: none;\" width=\"26\" height=\"26\" alt=\"\u0417\u0430\u0432\u0430\u043d\u0442\u0430\u0436\u0435\u043d\u043d\u044f\"><\/div><input type=\"hidden\" name=\"trp-form-language\" value=\"uk\"\/><\/form><\/div>  <!-- .wpforms-container -->\t\t\t\t<\/div>\n\t\t\t\t<\/div>\n\t\t\t\t<\/div>\n\t\t<div data-particle_enable=\"false\" data-particle-mobile-disabled=\"false\" class=\"elementor-element elementor-element-c0b6f67 e-con-full e-flex e-con e-child\" data-id=\"c0b6f67\" data-element_type=\"container\" data-settings=\"{&quot;jet_parallax_layout_list&quot;:[],&quot;sticky&quot;:&quot;top&quot;,&quot;sticky_offset&quot;:50,&quot;sticky_parent&quot;:&quot;yes&quot;,&quot;sticky_on&quot;:[&quot;desktop&quot;,&quot;tablet&quot;,&quot;mobile&quot;],&quot;sticky_effects_offset&quot;:0,&quot;sticky_anchor_link_offset&quot;:0}\">\n\t\t\t\t<div class=\"elementor-element elementor-element-addc19d elementor-widget elementor-widget-image\" data-id=\"addc19d\" data-element_type=\"widget\" data-widget_type=\"image.default\">\n\t\t\t\t\t\t\t\t\t\t\t\t\t\t\t<img fetchpriority=\"high\" decoding=\"async\" width=\"1920\" height=\"1080\" src=\"https:\/\/a-tronix.com.ua\/wp-content\/uploads\/2024\/06\/Header-Partner-werden.jpg\" class=\"attachment-full size-full wp-image-3114\" alt=\"\u0427\u043e\u043b\u043e\u0432\u0456\u043a \u0456 \u0436\u0456\u043d\u043a\u0430 \u043f\u043e\u0442\u0438\u0441\u043a\u0430\u044e\u0442\u044c \u043e\u0434\u0438\u043d \u043e\u0434\u043d\u043e\u043c\u0443 \u0440\u0443\u043a\u0438 \u0437\u0430 \u0441\u0442\u043e\u043b\u043e\u043c \u043f\u0435\u0440\u0435\u0433\u043e\u0432\u043e\u0440\u0456\u0432.\" srcset=\"https:\/\/a-tronix.com.ua\/wp-content\/uploads\/2024\/06\/Header-Partner-werden.jpg 1920w, https:\/\/a-tronix.com.ua\/wp-content\/uploads\/2024\/06\/Header-Partner-werden-300x169.jpg 300w, https:\/\/a-tronix.com.ua\/wp-content\/uploads\/2024\/06\/Header-Partner-werden-1024x576.jpg 1024w, https:\/\/a-tronix.com.ua\/wp-content\/uploads\/2024\/06\/Header-Partner-werden-768x432.jpg 768w, https:\/\/a-tronix.com.ua\/wp-content\/uploads\/2024\/06\/Header-Partner-werden-1536x864.jpg 1536w, https:\/\/a-tronix.com.ua\/wp-content\/uploads\/2024\/06\/Header-Partner-werden-133x75.jpg 133w, https:\/\/a-tronix.com.ua\/wp-content\/uploads\/2024\/06\/Header-Partner-werden-480x270.jpg 480w\" sizes=\"(max-width: 1920px) 100vw, 1920px\" \/>\t\t\t\t\t\t\t\t\t\t\t\t\t\t\t<\/div>\n\t\t\t\t<\/div>\n\t\t\t\t\t<\/div>\n\t\t\t\t<\/div>\n\t\t\t\t\t<\/div>\n\t\t\t\t<\/div>\n\t\t\t\t<\/div>","protected":false},"excerpt":{"rendered":"<p>Angebot anfragen Sie m\u00f6chten ein Angebot einholen? W\u00fcnschen Sie ein Angebot oder eine Beratung, dann nutzen Sie gerne folgendes Formular und wir melden uns schnellstm\u00f6glich bei Ihnen. Bitte aktiviere JavaScript in deinem Browser, um dieses Formular fertigzustellen.Bitte aktiviere JavaScript in deinem Browser, um dieses Formular fertigzustellen. Angebot anfordern als * Privatkunde Gesch\u00e4ftskunde Firma * Vor [&hellip;]<\/p>","protected":false},"author":13,"featured_media":0,"parent":0,"menu_order":0,"comment_status":"closed","ping_status":"closed","template":"","meta":{"footnotes":""},"class_list":["post-166","page","type-page","status-publish","hentry"],"_links":{"self":[{"href":"https:\/\/a-tronix.com.ua\/uk\/wp-json\/wp\/v2\/pages\/166","targetHints":{"allow":["GET"]}}],"collection":[{"href":"https:\/\/a-tronix.com.ua\/uk\/wp-json\/wp\/v2\/pages"}],"about":[{"href":"https:\/\/a-tronix.com.ua\/uk\/wp-json\/wp\/v2\/types\/page"}],"author":[{"embeddable":true,"href":"https:\/\/a-tronix.com.ua\/uk\/wp-json\/wp\/v2\/users\/13"}],"replies":[{"embeddable":true,"href":"https:\/\/a-tronix.com.ua\/uk\/wp-json\/wp\/v2\/comments?post=166"}],"version-history":[{"count":18,"href":"https:\/\/a-tronix.com.ua\/uk\/wp-json\/wp\/v2\/pages\/166\/revisions"}],"predecessor-version":[{"id":5294,"href":"https:\/\/a-tronix.com.ua\/uk\/wp-json\/wp\/v2\/pages\/166\/revisions\/5294"}],"wp:attachment":[{"href":"https:\/\/a-tronix.com.ua\/uk\/wp-json\/wp\/v2\/media?parent=166"}],"curies":[{"name":"wp","href":"https:\/\/api.w.org\/{rel}","templated":true}]}}